{"id":357,"date":"2019-02-12T14:02:07","date_gmt":"2019-02-12T14:02:07","guid":{"rendered":"http:\/\/demo.qkthemes.net\/triptip\/?page_id=357"},"modified":"2025-03-11T23:43:49","modified_gmt":"2025-03-11T23:43:49","slug":"contactanos","status":"publish","type":"page","link":"https:\/\/borrame.sistemaxti.mx\/index.php\/contactanos\/","title":{"rendered":"Cont\u00e1ctanos"},"content":{"rendered":"\t\t<div data-elementor-type=\"wp-post\" data-elementor-id=\"357\" class=\"elementor elementor-357\">\n\t\t\t\t\t\t<section class=\"elementor-section elementor-top-section elementor-element elementor-element-8b864dc elementor-section-boxed elementor-section-height-default elementor-section-height-default\" data-id=\"8b864dc\" data-element_type=\"section\">\n\t\t\t\t\t\t<div class=\"elementor-container elementor-column-gap-default\">\n\t\t\t\t\t<div class=\"elementor-column elementor-col-100 elementor-top-column elementor-element elementor-element-9180f78\" data-id=\"9180f78\" data-element_type=\"column\">\n\t\t\t<div class=\"elementor-widget-wrap elementor-element-populated\">\n\t\t\t\t\t\t<div class=\"elementor-element elementor-element-19ecade elementor-widget elementor-widget-heading\" data-id=\"19ecade\" data-element_type=\"widget\" data-widget_type=\"heading.default\">\n\t\t\t\t<div class=\"elementor-widget-container\">\n\t\t\t\t\t<h1 class=\"elementor-heading-title elementor-size-default\">Cont\u00e1ctanos <\/h1>\t\t\t\t<\/div>\n\t\t\t\t<\/div>\n\t\t\t\t\t<\/div>\n\t\t<\/div>\n\t\t\t\t\t<\/div>\n\t\t<\/section>\n\t\t\t\t<section class=\"elementor-section elementor-top-section elementor-element elementor-element-2e3f5d2 elementor-section-boxed elementor-section-height-default elementor-section-height-default\" data-id=\"2e3f5d2\" data-element_type=\"section\">\n\t\t\t\t\t\t<div class=\"elementor-container elementor-column-gap-default\">\n\t\t\t\t\t<div class=\"elementor-column elementor-col-100 elementor-top-column elementor-element elementor-element-e1fef32\" data-id=\"e1fef32\" data-element_type=\"column\">\n\t\t\t<div class=\"elementor-widget-wrap elementor-element-populated\">\n\t\t\t\t\t\t<div class=\"elementor-element elementor-element-6a698c1 elementor-widget elementor-widget-heading\" data-id=\"6a698c1\" data-element_type=\"widget\" data-widget_type=\"heading.default\">\n\t\t\t\t<div class=\"elementor-widget-container\">\n\t\t\t\t\t<p class=\"elementor-heading-title elementor-size-default\">Desea informaci\u00f3n de hoteles en Nuevo Le\u00f3n o desea ser proveedor <br>o le interesa pertenecer a la asociaci\u00f3n.<\/p>\t\t\t\t<\/div>\n\t\t\t\t<\/div>\n\t\t\t\t\t<\/div>\n\t\t<\/div>\n\t\t\t\t\t<\/div>\n\t\t<\/section>\n\t\t\t\t<section class=\"elementor-section elementor-top-section elementor-element elementor-element-744989e elementor-section-boxed elementor-section-height-default elementor-section-height-default\" data-id=\"744989e\" data-element_type=\"section\">\n\t\t\t\t\t\t<div class=\"elementor-container elementor-column-gap-default\">\n\t\t\t\t\t<div class=\"elementor-column elementor-col-50 elementor-top-column elementor-element elementor-element-57b21ef\" data-id=\"57b21ef\" data-element_type=\"column\">\n\t\t\t<div class=\"elementor-widget-wrap elementor-element-populated\">\n\t\t\t\t\t\t<div class=\"elementor-element elementor-element-f090b1e elementor-widget elementor-widget-shortcode\" data-id=\"f090b1e\" data-element_type=\"widget\" data-widget_type=\"shortcode.default\">\n\t\t\t\t<div class=\"elementor-widget-container\">\n\t\t\t\t\t\t\t<div class=\"elementor-shortcode\">\n<div class=\"wpcf7 no-js\" id=\"wpcf7-f260-o1\" lang=\"en-US\" dir=\"ltr\" data-wpcf7-id=\"260\">\n<div class=\"screen-reader-response\"><p role=\"status\" aria-live=\"polite\" aria-atomic=\"true\"><\/p> <ul><\/ul><\/div>\n<form action=\"\/index.php\/wp-json\/wp\/v2\/pages\/357#wpcf7-f260-o1\" method=\"post\" class=\"wpcf7-form init\" aria-label=\"Contact form\" novalidate=\"novalidate\" data-status=\"init\">\n<div style=\"display: none;\">\n<input type=\"hidden\" name=\"_wpcf7\" value=\"260\" \/>\n<input type=\"hidden\" name=\"_wpcf7_version\" value=\"6.0.6\" \/>\n<input type=\"hidden\" name=\"_wpcf7_locale\" value=\"en_US\" \/>\n<input type=\"hidden\" name=\"_wpcf7_unit_tag\" value=\"wpcf7-f260-o1\" \/>\n<input type=\"hidden\" name=\"_wpcf7_container_post\" value=\"0\" \/>\n<input type=\"hidden\" name=\"_wpcf7_posted_data_hash\" value=\"\" \/>\n<\/div>\n<div class=\"contact-form\" id=\"contact-form\">\n\t<h2 class=\"contact-form__title\"><br \/>\nEscr\u00edbenos\n\t<\/h2>\n\t<div class=\"row\">\n\t\t<div class=\"col-md-6\">\n\t\t\t<p><span class=\"wpcf7-form-control-wrap\" data-name=\"your-name\"><input size=\"40\" maxlength=\"400\" class=\"wpcf7-form-control wpcf7-text wpcf7-validates-as-required\" aria-required=\"true\" aria-invalid=\"false\" placeholder=\"Nombre:\" value=\"\" type=\"text\" name=\"your-name\" \/><\/span>\n\t\t\t<\/p>\n\t\t<\/div>\n\t\t<div class=\"col-md-6\">\n\t\t\t<p><span class=\"wpcf7-form-control-wrap\" data-name=\"your-email\"><input size=\"40\" maxlength=\"400\" class=\"wpcf7-form-control wpcf7-email wpcf7-validates-as-required wpcf7-text wpcf7-validates-as-email\" aria-required=\"true\" aria-invalid=\"false\" placeholder=\"Email:\" value=\"\" type=\"email\" name=\"your-email\" \/><\/span>\n\t\t\t<\/p>\n\t\t<\/div>\n\t<\/div>\n\t<p><span class=\"wpcf7-form-control-wrap\" data-name=\"your-subject\"><input size=\"40\" maxlength=\"400\" class=\"wpcf7-form-control wpcf7-text wpcf7-validates-as-required\" aria-required=\"true\" aria-invalid=\"false\" placeholder=\"Asunto:\" value=\"\" type=\"text\" name=\"your-subject\" \/><\/span><br \/>\n<span class=\"wpcf7-form-control-wrap\" data-name=\"your-message\"><textarea cols=\"40\" rows=\"10\" maxlength=\"2000\" class=\"wpcf7-form-control wpcf7-textarea wpcf7-validates-as-required\" aria-required=\"true\" aria-invalid=\"false\" placeholder=\"Mensaje:\" name=\"your-message\"><\/textarea><\/span><br \/>\n<input class=\"wpcf7-form-control wpcf7-submit has-spinner\" type=\"submit\" value=\"Enviar\" \/>\n\t<\/p>\n<\/div><div class=\"wpcf7-response-output\" aria-hidden=\"true\"><\/div>\n<\/form>\n<\/div>\n<\/div>\n\t\t\t\t\t\t<\/div>\n\t\t\t\t<\/div>\n\t\t\t\t\t<\/div>\n\t\t<\/div>\n\t\t\t\t<div class=\"elementor-column elementor-col-50 elementor-top-column elementor-element elementor-element-55f6c86\" data-id=\"55f6c86\" data-element_type=\"column\">\n\t\t\t<div class=\"elementor-widget-wrap elementor-element-populated\">\n\t\t\t\t\t\t<div class=\"elementor-element elementor-element-a72649d elementor-widget elementor-widget-html\" data-id=\"a72649d\" data-element_type=\"widget\" data-widget_type=\"html.default\">\n\t\t\t\t<div class=\"elementor-widget-container\">\n\t\t\t\t\t<div class=\"contact-post\">\n    <i class=\"la la-map-marker\"><\/i>\n    <div class=\"contact-post__content\">\n        <h2 class=\"contact-post__title\">\n            Ubicacion:\n        <\/h2>\n        <p class=\"contact-post__description\">\n            Cintermex Planta Baja, Local 16, Av. Fundidora No. 501, Colonia Obrera, CP 64010, <br>Monterrey, N.L., M\u00e9xico\n\n\n        <\/p>\n    <\/div>\n<\/div>\t\t\t\t<\/div>\n\t\t\t\t<\/div>\n\t\t\t\t<div class=\"elementor-element elementor-element-eb07162 elementor-widget elementor-widget-html\" data-id=\"eb07162\" data-element_type=\"widget\" data-widget_type=\"html.default\">\n\t\t\t\t<div class=\"elementor-widget-container\">\n\t\t\t\t\t<div class=\"contact-post\">\n    <i class=\"la la-phone\"><\/i>\n    <div class=\"contact-post__content\">\n        <h2 class=\"contact-post__title\">\n            Telefono:\n        <\/h2>\n        <p class=\"contact-post__description\">\n           (52-81) 8369-6479 <br> (52-81) 8340-1372\n        <\/p>\n    <\/div>\n<\/div>\t\t\t\t<\/div>\n\t\t\t\t<\/div>\n\t\t\t\t\t<\/div>\n\t\t<\/div>\n\t\t\t\t\t<\/div>\n\t\t<\/section>\n\t\t\t\t<section class=\"elementor-section elementor-top-section elementor-element elementor-element-fc10a73 elementor-section-boxed elementor-section-height-default elementor-section-height-default\" data-id=\"fc10a73\" data-element_type=\"section\">\n\t\t\t\t\t\t<div class=\"elementor-container elementor-column-gap-default\">\n\t\t\t\t\t<div class=\"elementor-column elementor-col-100 elementor-top-column elementor-element elementor-element-a39b65a\" data-id=\"a39b65a\" data-element_type=\"column\">\n\t\t\t<div class=\"elementor-widget-wrap elementor-element-populated\">\n\t\t\t\t\t\t<div class=\"elementor-element elementor-element-546a681 elementor-widget elementor-widget-text-editor\" data-id=\"546a681\" data-element_type=\"widget\" data-widget_type=\"text-editor.default\">\n\t\t\t\t<div class=\"elementor-widget-container\">\n\t\t\t\t\t\t\t\t\t<iframe src=\"https:\/\/www.google.com\/maps\/embed?pb=!1m18!1m12!1m3!1d2542.6031517743227!2d-100.29145275193635!3d25.678458631917046!2m3!1f0!2f0!3f0!3m2!1i1024!2i768!4f13.1!3m3!1m2!1s0x8662942a8d42b18f%3A0x1eee54a9dfbc9332!2sCintermex!5e0!3m2!1ses!2smx!4v1741736600607!5m2!1ses!2smx\" width=\"600\" height=\"450\" style=\"border:0;\" allowfullscreen=\"\" loading=\"lazy\" referrerpolicy=\"no-referrer-when-downgrade\"><\/iframe>\t\t\t\t\t\t\t\t<\/div>\n\t\t\t\t<\/div>\n\t\t\t\t\t<\/div>\n\t\t<\/div>\n\t\t\t\t\t<\/div>\n\t\t<\/section>\n\t\t\t\t<\/div>\n\t\t","protected":false},"excerpt":{"rendered":"<p>Cont\u00e1ctanos Desea informaci\u00f3n de hoteles en Nuevo Le\u00f3n o desea ser proveedor o le interesa pertenecer a la asociaci\u00f3n. Ubicacion: Cintermex Planta Baja, Local 16, Av. Fundidora No. 501, Colonia Obrera, CP 64010, Monterrey, N.L., M\u00e9xico Telefono: (52-81) 8369-6479 (52-81) 8340-1372<\/p>\n","protected":false},"author":1,"featured_media":0,"parent":0,"menu_order":0,"comment_status":"closed","ping_status":"closed","template":"elementor_header_footer","meta":{"footnotes":""},"class_list":["post-357","page","type-page","status-publish","hentry"],"_links":{"self":[{"href":"https:\/\/borrame.sistemaxti.mx\/index.php\/wp-json\/wp\/v2\/pages\/357","targetHints":{"allow":["GET"]}}],"collection":[{"href":"https:\/\/borrame.sistemaxti.mx\/index.php\/wp-json\/wp\/v2\/pages"}],"about":[{"href":"https:\/\/borrame.sistemaxti.mx\/index.php\/wp-json\/wp\/v2\/types\/page"}],"author":[{"embeddable":true,"href":"https:\/\/borrame.sistemaxti.mx\/index.php\/wp-json\/wp\/v2\/users\/1"}],"replies":[{"embeddable":true,"href":"https:\/\/borrame.sistemaxti.mx\/index.php\/wp-json\/wp\/v2\/comments?post=357"}],"version-history":[{"count":21,"href":"https:\/\/borrame.sistemaxti.mx\/index.php\/wp-json\/wp\/v2\/pages\/357\/revisions"}],"predecessor-version":[{"id":18422,"href":"https:\/\/borrame.sistemaxti.mx\/index.php\/wp-json\/wp\/v2\/pages\/357\/revisions\/18422"}],"wp:attachment":[{"href":"https:\/\/borrame.sistemaxti.mx\/index.php\/wp-json\/wp\/v2\/media?parent=357"}],"curies":[{"name":"wp","href":"https:\/\/api.w.org\/{rel}","templated":true}]}}