{"id":4274,"date":"2019-01-07T13:10:20","date_gmt":"2019-01-07T13:10:20","guid":{"rendered":"http:\/\/demo.qkthemes.net\/triptip\/?page_id=68"},"modified":"2020-06-16T00:46:03","modified_gmt":"2020-06-16T00:46:03","slug":"nosotros","status":"publish","type":"page","link":"https:\/\/borrame.sistemaxti.mx\/index.php\/nosotros\/","title":{"rendered":"Nosotros"},"content":{"rendered":"\t\t<div data-elementor-type=\"wp-post\" data-elementor-id=\"4274\" class=\"elementor elementor-4274\">\n\t\t\t\t\t\t<section class=\"elementor-section elementor-top-section elementor-element elementor-element-7d777117 elementor-section-content-middle elementor-section-boxed elementor-section-height-default elementor-section-height-default\" data-id=\"7d777117\" data-element_type=\"section\" data-settings=\"{&quot;background_background&quot;:&quot;classic&quot;}\">\n\t\t\t\t\t\t<div class=\"elementor-container elementor-column-gap-no\">\n\t\t\t\t\t<div class=\"elementor-column elementor-col-50 elementor-top-column elementor-element elementor-element-458df72a\" data-id=\"458df72a\" data-element_type=\"column\">\n\t\t\t<div class=\"elementor-widget-wrap elementor-element-populated\">\n\t\t\t\t\t\t<div class=\"elementor-element elementor-element-69488b4b elementor-widget elementor-widget-heading\" data-id=\"69488b4b\" data-element_type=\"widget\" data-widget_type=\"heading.default\">\n\t\t\t\t<div class=\"elementor-widget-container\">\n\t\t\t\t\t<h4 class=\"elementor-heading-title elementor-size-default\">Misi\u00f3n<\/h4>\t\t\t\t<\/div>\n\t\t\t\t<\/div>\n\t\t\t\t\t<\/div>\n\t\t<\/div>\n\t\t\t\t<div class=\"elementor-column elementor-col-50 elementor-top-column elementor-element elementor-element-74ef005f\" data-id=\"74ef005f\" data-element_type=\"column\">\n\t\t\t<div class=\"elementor-widget-wrap elementor-element-populated\">\n\t\t\t\t\t\t<div class=\"elementor-element elementor-element-10ad69f elementor-widget elementor-widget-heading\" data-id=\"10ad69f\" data-element_type=\"widget\" data-widget_type=\"heading.default\">\n\t\t\t\t<div class=\"elementor-widget-container\">\n\t\t\t\t\t<p class=\"elementor-heading-title elementor-size-default\">Promover, fomentar y organizar el desarrollo de la industria tur\u00edstica en general y en lo\nparticular la industria hotelera en todas sus manifestaciones; Representar los intereses de\nnuestros asociados ante las diferentes dependencias gubernamentales, as\u00ed como tambi\u00e9n\nparticipar en forma directa e indirecta con el Fideicomiso Turismo Nuevo Le\u00f3n; Proveer de\ncapacitaci\u00f3n e informaci\u00f3n actualizada.<\/p>\t\t\t\t<\/div>\n\t\t\t\t<\/div>\n\t\t\t\t\t<\/div>\n\t\t<\/div>\n\t\t\t\t\t<\/div>\n\t\t<\/section>\n\t\t\t\t<section class=\"elementor-section elementor-top-section elementor-element elementor-element-0d3f927 elementor-section-content-middle elementor-section-boxed elementor-section-height-default elementor-section-height-default\" data-id=\"0d3f927\" data-element_type=\"section\" data-settings=\"{&quot;background_background&quot;:&quot;classic&quot;}\">\n\t\t\t\t\t\t<div class=\"elementor-container elementor-column-gap-no\">\n\t\t\t\t\t<div class=\"elementor-column elementor-col-50 elementor-top-column elementor-element elementor-element-89cbd5d\" data-id=\"89cbd5d\" data-element_type=\"column\">\n\t\t\t<div class=\"elementor-widget-wrap elementor-element-populated\">\n\t\t\t\t\t\t<div class=\"elementor-element elementor-element-fed172f elementor-widget elementor-widget-heading\" data-id=\"fed172f\" data-element_type=\"widget\" data-widget_type=\"heading.default\">\n\t\t\t\t<div class=\"elementor-widget-container\">\n\t\t\t\t\t<h4 class=\"elementor-heading-title elementor-size-default\">Visi\u00f3n<\/h4>\t\t\t\t<\/div>\n\t\t\t\t<\/div>\n\t\t\t\t\t<\/div>\n\t\t<\/div>\n\t\t\t\t<div class=\"elementor-column elementor-col-50 elementor-top-column elementor-element elementor-element-9802c5d\" data-id=\"9802c5d\" data-element_type=\"column\">\n\t\t\t<div class=\"elementor-widget-wrap elementor-element-populated\">\n\t\t\t\t\t\t<div class=\"elementor-element elementor-element-99c16bf elementor-widget elementor-widget-heading\" data-id=\"99c16bf\" data-element_type=\"widget\" data-widget_type=\"heading.default\">\n\t\t\t\t<div class=\"elementor-widget-container\">\n\t\t\t\t\t<p class=\"elementor-heading-title elementor-size-default\">Ser una asociaci\u00f3n fuerte, reconocida por su excelencia operativa, uni\u00f3n de sus agremiados, solidez y calidad fomentando el liderazgo participativo y visi\u00f3n estrat\u00e9gica orientada a la eficiencia y eficacia.\n<\/p>\t\t\t\t<\/div>\n\t\t\t\t<\/div>\n\t\t\t\t\t<\/div>\n\t\t<\/div>\n\t\t\t\t\t<\/div>\n\t\t<\/section>\n\t\t\t\t<\/div>\n\t\t","protected":false},"excerpt":{"rendered":"<p>Misi\u00f3n Promover, fomentar y organizar el desarrollo de la industria tur\u00edstica en general y en lo particular la industria hotelera en todas sus manifestaciones; Representar los intereses de nuestros asociados ante las diferentes dependencias gubernamentales, as\u00ed como tambi\u00e9n participar en forma directa e indirecta con el Fideicomiso Turismo Nuevo Le\u00f3n; Proveer de capacitaci\u00f3n e informaci\u00f3n [&#8230;]<\/p>\n","protected":false},"author":1,"featured_media":0,"parent":0,"menu_order":0,"comment_status":"closed","ping_status":"closed","template":"elementor_header_footer","meta":{"footnotes":""},"class_list":["post-4274","page","type-page","status-publish","hentry"],"_links":{"self":[{"href":"https:\/\/borrame.sistemaxti.mx\/index.php\/wp-json\/wp\/v2\/pages\/4274","targetHints":{"allow":["GET"]}}],"collection":[{"href":"https:\/\/borrame.sistemaxti.mx\/index.php\/wp-json\/wp\/v2\/pages"}],"about":[{"href":"https:\/\/borrame.sistemaxti.mx\/index.php\/wp-json\/wp\/v2\/types\/page"}],"author":[{"embeddable":true,"href":"https:\/\/borrame.sistemaxti.mx\/index.php\/wp-json\/wp\/v2\/users\/1"}],"replies":[{"embeddable":true,"href":"https:\/\/borrame.sistemaxti.mx\/index.php\/wp-json\/wp\/v2\/comments?post=4274"}],"version-history":[{"count":42,"href":"https:\/\/borrame.sistemaxti.mx\/index.php\/wp-json\/wp\/v2\/pages\/4274\/revisions"}],"predecessor-version":[{"id":4759,"href":"https:\/\/borrame.sistemaxti.mx\/index.php\/wp-json\/wp\/v2\/pages\/4274\/revisions\/4759"}],"wp:attachment":[{"href":"https:\/\/borrame.sistemaxti.mx\/index.php\/wp-json\/wp\/v2\/media?parent=4274"}],"curies":[{"name":"wp","href":"https:\/\/api.w.org\/{rel}","templated":true}]}}